{"id":1478,"date":"2022-11-04T17:42:29","date_gmt":"2022-11-04T17:42:29","guid":{"rendered":"https:\/\/icumbertidemontonepietralunga.edu.it\/?page_id=1478"},"modified":"2022-11-04T17:55:37","modified_gmt":"2022-11-04T17:55:37","slug":"biblioteca-mavarelli-pascoli","status":"publish","type":"page","link":"https:\/\/icumbertidemontonepietralunga.edu.it\/index.php\/biblioteca-mavarelli-pascoli\/","title":{"rendered":"Biblioteca Mavarelli-Pascoli"},"content":{"rendered":"<div id=\"pl-1478\"  class=\"panel-layout\" ><div id=\"pg-1478-0\"  class=\"panel-grid panel-no-style\" ><div id=\"pgc-1478-0-0\"  class=\"panel-grid-cell\" ><div id=\"panel-1478-0-0-0\" class=\"so-panel widget widget_media_image panel-first-child panel-last-child\" data-index=\"0\" ><img loading=\"lazy\" decoding=\"async\" data-attachment-id=\"1477\" data-permalink=\"https:\/\/icumbertidemontonepietralunga.edu.it\/index.php\/servizio\/biblioteca\/bmp\/\" data-orig-file=\"https:\/\/i0.wp.com\/icumbertidemontonepietralunga.edu.it\/wp-content\/uploads\/2022\/10\/bmp.png?fit=360%2C268&amp;ssl=1\" data-orig-size=\"360,268\" data-comments-opened=\"0\" data-image-meta=\"{&quot;aperture&quot;:&quot;0&quot;,&quot;credit&quot;:&quot;&quot;,&quot;camera&quot;:&quot;&quot;,&quot;caption&quot;:&quot;&quot;,&quot;created_timestamp&quot;:&quot;0&quot;,&quot;copyright&quot;:&quot;&quot;,&quot;focal_length&quot;:&quot;0&quot;,&quot;iso&quot;:&quot;0&quot;,&quot;shutter_speed&quot;:&quot;0&quot;,&quot;title&quot;:&quot;&quot;,&quot;orientation&quot;:&quot;0&quot;}\" data-image-title=\"bmp\" data-image-description=\"\" data-image-caption=\"\" data-large-file=\"https:\/\/i0.wp.com\/icumbertidemontonepietralunga.edu.it\/wp-content\/uploads\/2022\/10\/bmp.png?fit=360%2C268&amp;ssl=1\" width=\"300\" height=\"223\" src=\"https:\/\/i0.wp.com\/icumbertidemontonepietralunga.edu.it\/wp-content\/uploads\/2022\/10\/bmp.png?fit=300%2C223&amp;ssl=1\" class=\"image wp-image-1477  attachment-medium size-medium\" alt=\"\" style=\"max-width: 100%; height: auto;\" srcset=\"https:\/\/i0.wp.com\/icumbertidemontonepietralunga.edu.it\/wp-content\/uploads\/2022\/10\/bmp.png?w=360&amp;ssl=1 360w, https:\/\/i0.wp.com\/icumbertidemontonepietralunga.edu.it\/wp-content\/uploads\/2022\/10\/bmp.png?resize=300%2C223&amp;ssl=1 300w, https:\/\/i0.wp.com\/icumbertidemontonepietralunga.edu.it\/wp-content\/uploads\/2022\/10\/bmp.png?resize=336%2C250&amp;ssl=1 336w\" sizes=\"auto, (max-width: 300px) 100vw, 300px\" data-attachment-id=\"1477\" data-permalink=\"https:\/\/icumbertidemontonepietralunga.edu.it\/index.php\/servizio\/biblioteca\/bmp\/\" data-orig-file=\"https:\/\/i0.wp.com\/icumbertidemontonepietralunga.edu.it\/wp-content\/uploads\/2022\/10\/bmp.png?fit=360%2C268&amp;ssl=1\" data-orig-size=\"360,268\" data-comments-opened=\"0\" data-image-meta=\"{&quot;aperture&quot;:&quot;0&quot;,&quot;credit&quot;:&quot;&quot;,&quot;camera&quot;:&quot;&quot;,&quot;caption&quot;:&quot;&quot;,&quot;created_timestamp&quot;:&quot;0&quot;,&quot;copyright&quot;:&quot;&quot;,&quot;focal_length&quot;:&quot;0&quot;,&quot;iso&quot;:&quot;0&quot;,&quot;shutter_speed&quot;:&quot;0&quot;,&quot;title&quot;:&quot;&quot;,&quot;orientation&quot;:&quot;0&quot;}\" data-image-title=\"bmp\" data-image-description=\"\" data-image-caption=\"\" data-large-file=\"https:\/\/i0.wp.com\/icumbertidemontonepietralunga.edu.it\/wp-content\/uploads\/2022\/10\/bmp.png?fit=360%2C268&amp;ssl=1\" \/><\/div><\/div><div id=\"pgc-1478-0-1\"  class=\"panel-grid-cell\" ><div id=\"panel-1478-0-1-0\" class=\"so-panel widget widget_sow-editor panel-first-child panel-last-child\" data-index=\"1\" ><div\n\t\t\t\n\t\t\tclass=\"so-widget-sow-editor so-widget-sow-editor-base\"\n\t\t\t\n\t\t><h3 class=\"widget-title\">Orari di apertura al prestito<\/h3>\n<div class=\"siteorigin-widget-tinymce textwidget\">\n\t<h2><strong>NOVEMBRE<\/strong><\/h2>\n<p>GIOVED\u00ec 10 dalle ore 12.25 alle ore 13.20<\/p>\n<p>GIOVED\u00ec 17 e 24 dalle ore 11.25 alle ore 12.25<\/p>\n<p>&nbsp;<\/p>\n<h2><strong>DICEMBRE<\/strong><\/h2>\n<p>GIOVED\u00ec 1 dalle ore 12.25 alle ore 13.20<\/p>\n<p>GIOVED\u00ec 15 e 22 dalle ore 11.25 alle ore 12.25<\/p>\n<\/div>\n<\/div><\/div><\/div><\/div><div id=\"pg-1478-1\"  class=\"panel-grid panel-no-style\" ><div id=\"pgc-1478-1-0\"  class=\"panel-grid-cell\" ><div id=\"panel-1478-1-0-0\" class=\"so-panel widget widget_shortcodes-ultimate shortcodes-ultimate panel-first-child panel-last-child\" data-index=\"2\" ><div class=\"panel-widget-style panel-widget-style-for-1478-1-0-0\" ><h3 class=\"widget-title\">News<\/h3><div class=\"textwidget\">\n\n<ul class=\"su-posts su-posts-list-loop \">\n\n\t\t\t\t\t\t\n\t\t\t\n\t\t\t<li id=\"su-post-3608\" class=\"su-post \">\n\t\t\t\t<a href=\"https:\/\/icumbertidemontonepietralunga.edu.it\/index.php\/2024\/05\/20\/arintotetivo\/\">&#8220;Arintotetivo&#8221;<\/a>\n\t\t\t<\/li>\n\n\t\t\t\t\t\n\t\t\t\n\t\t\t<li id=\"su-post-3500\" class=\"su-post \">\n\t\t\t\t<a href=\"https:\/\/icumbertidemontonepietralunga.edu.it\/index.php\/2024\/02\/27\/cerimonia-di-intitolazione-della-biblioteca-scolastica-al-professor-bruno-porrozzi\/\">CERIMONIA DI INTITOLAZIONE DELLA BIBLIOTECA SCOLASTICA AL PROFESSOR BRUNO PORROZZI<\/a>\n\t\t\t<\/li>\n\n\t\t\t\t\t\n\t\t\t\n\t\t\t<li id=\"su-post-3315\" class=\"su-post \">\n\t\t\t\t<a href=\"https:\/\/icumbertidemontonepietralunga.edu.it\/index.php\/2023\/11\/21\/leggeremozioni\/\">LeggerEmozioni<\/a>\n\t\t\t<\/li>\n\n\t\t\t\t\t\n\t\t\t\n\t\t\t<li id=\"su-post-3150\" class=\"su-post \">\n\t\t\t\t<a href=\"https:\/\/icumbertidemontonepietralunga.edu.it\/index.php\/2023\/11\/04\/io-leggo-perche-leggeremozioni\/\">#Io leggo perch\u00e8: &#8220;LeggerEmozioni&#8221;<\/a>\n\t\t\t<\/li>\n\n\t\t\t\t\t\n\t\t\t\n\t\t\t<li id=\"su-post-3112\" class=\"su-post \">\n\t\t\t\t<a href=\"https:\/\/icumbertidemontonepietralunga.edu.it\/index.php\/2023\/10\/30\/ioleggoperche-2\/\">#Ioleggoperch\u00e9<\/a>\n\t\t\t<\/li>\n\n\t\t\t\t\t\n\t\t\t\n\t\t\t<li id=\"su-post-2323\" class=\"su-post \">\n\t\t\t\t<a href=\"https:\/\/icumbertidemontonepietralunga.edu.it\/index.php\/2023\/03\/30\/presentazione-del-libro-ellis-island-diritto-di-cittadinanza-di-fabrizio-ciocchetti\/\">Presentazione del libro &#8220;Ellis Island? Diritto di Cittadinanza&#8221; di Fabrizio Ciocchetti<\/a>\n\t\t\t<\/li>\n\n\t\t\t\t\t\n\t\t\t\n\t\t\t<li id=\"su-post-2105\" class=\"su-post \">\n\t\t\t\t<a href=\"https:\/\/icumbertidemontonepietralunga.edu.it\/index.php\/2023\/02\/20\/presentazione-del-romanzo-come-cloto-la-sarta-della-resistenza-di-ilaria-scarabottini\/\">Presentazione del romanzo &#8220;COME CLOTO. La sarta della Resistenza&#8221; di  Ilaria Scarabottini<\/a>\n\t\t\t<\/li>\n\n\t\t\t\n<\/ul>\n<\/div><\/div><\/div><\/div><div id=\"pgc-1478-1-1\"  class=\"panel-grid-cell\" ><div id=\"panel-1478-1-1-0\" class=\"so-panel widget widget_shortcodes-ultimate shortcodes-ultimate panel-first-child panel-last-child\" data-index=\"3\" ><div class=\"panel-widget-style panel-widget-style-for-1478-1-1-0\" ><h3 class=\"widget-title\">Progetti<\/h3><\/div><\/div><\/div><div id=\"pgc-1478-1-2\"  class=\"panel-grid-cell\" ><div id=\"panel-1478-1-2-0\" class=\"so-panel widget widget_shortcodes-ultimate shortcodes-ultimate panel-first-child panel-last-child\" data-index=\"4\" ><div class=\"panel-widget-style panel-widget-style-for-1478-1-2-0\" ><h3 class=\"widget-title\">Documenti<\/h3><\/div><\/div><\/div><\/div><\/div>","protected":false},"excerpt":{"rendered":"<p>NOVEMBRE GIOVED\u00ec 10 dalle ore 12.25 alle ore 13.20 GIOVED\u00ec 17 e 24 dalle ore 11.25 alle ore 12.25 &nbsp; DICEMBRE GIOVED\u00ec 1 dalle ore 12.25 alle ore 13.20 GIOVED\u00ec 15 e 22 dalle ore 11.25 [&hellip;]<\/p>\n","protected":false},"author":1,"featured_media":0,"parent":0,"menu_order":0,"comment_status":"closed","ping_status":"closed","template":"","meta":{"_acf_changed":false,"advanced_seo_description":"","jetpack_seo_html_title":"","jetpack_seo_noindex":false,"_mc_calendar":[],"footnotes":""},"tags":[],"class_list":["post-1478","page","type-page","status-publish","hentry"],"acf":[],"jetpack-related-posts":[{"id":646,"url":"https:\/\/icumbertidemontonepietralunga.edu.it\/index.php\/animatore-digitale\/","url_meta":{"origin":1478,"position":0},"title":"Animatore digitale","author":"admin","date":"3 Settembre 2022","format":false,"excerpt":"\u201cLa barriera fra reale e virtuale \u00e8 caduta, non c\u2019\u00e8 pi\u00f9 differenza fra \u201conline\u201d e \u201coffline\u201d, ma c\u2019\u00e8 appunto una \u201conlife\u201d: la nostra esistenza, che \u00e8 ibrida come l\u2019habitat delle mangrovie\u201d. L. Floridi","rel":"","context":"Articolo simile","block_context":{"text":"Articolo simile","link":""},"img":{"alt_text":"","src":"","width":0,"height":0},"classes":[]},{"id":224,"url":"https:\/\/icumbertidemontonepietralunga.edu.it\/index.php\/area-ii-benessere-e-orientamento-studenti\/","url_meta":{"origin":1478,"position":1},"title":"AREA II-BENESSERE E ORIENTAMENTO STUDENTI","author":"admin","date":"1 Agosto 2022","format":false,"excerpt":"Cosa fa Programma e coordina percorsi di continuit\u00e0 verticale tra la scuola dell\u2019Infanzia, la scuola Primaria e la scuola Secondaria di I grado Raccorda i curricoli verticali Programma incontri di continuit\u00e0 tra docenti dell\u2019Istituto e insegnanti di altre scuole Programma e coordina percorsi di orientamento per i tre gradi di\u2026","rel":"","context":"Articolo simile","block_context":{"text":"Articolo simile","link":""},"img":{"alt_text":"","src":"","width":0,"height":0},"classes":[]},{"id":3781,"url":"https:\/\/icumbertidemontonepietralunga.edu.it\/index.php\/progetti-ue\/","url_meta":{"origin":1478,"position":2},"title":"PROGETTI UE","author":"admin","date":"28 Agosto 2024","format":false,"excerpt":"Erasmus+ prova PN Scuola e competenze 2021 \u2013 2027 (FSE+) Piano Estate PNRRPiano Scuola 4.0 @Scuola 4.0 PNRR-Next Generation Classroom D.M. 65 FUTURA PNRR \u2013 Competenze STEM e multilinguistiche nelle scuole statali (D.M. 65\/2023) D.M. 66\u00a0 FUTURA PNRR \u2013 Competenze STEM e multilinguistiche nelle scuole statali (D.M. 66\/2023) PON-FSE Avviso\u2026","rel":"","context":"Articolo simile","block_context":{"text":"Articolo simile","link":""},"img":{"alt_text":"","src":"","width":0,"height":0},"classes":[]},{"id":434,"url":"https:\/\/icumbertidemontonepietralunga.edu.it\/index.php\/la-scuola\/ptof\/","url_meta":{"origin":1478,"position":3},"title":"PTOF","author":"admin","date":"6 Agosto 2022","format":false,"excerpt":"Piano Triennale Offerta Formativa 2022-2025 Rapporto di Autovalutazione Rendicontazione Sociale","rel":"","context":"Articolo simile","block_context":{"text":"Articolo simile","link":""},"img":{"alt_text":"","src":"","width":0,"height":0},"classes":[]},{"id":2897,"url":"https:\/\/icumbertidemontonepietralunga.edu.it\/index.php\/la-scuola\/orchestra-della-pace-aldo-capitini\/","url_meta":{"origin":1478,"position":4},"title":"Orchestra della pace Aldo Capitini","author":"admin","date":"6 Ottobre 2023","format":false,"excerpt":"Video guida Per scaricare il video \u00e8 necessario inserire il codice temporaneo ricevuto dall'Istituto.","rel":"","context":"Articolo simile","block_context":{"text":"Articolo simile","link":""},"img":{"alt_text":"","src":"","width":0,"height":0},"classes":[]},{"id":3746,"url":"https:\/\/icumbertidemontonepietralunga.edu.it\/index.php\/erasmus-2\/","url_meta":{"origin":1478,"position":5},"title":"Erasmus+","author":"admin","date":"18 Agosto 2024","format":false,"excerpt":"Progetti ERASMUS+ Posts not found Le esperienze dei nostri studenti Come partecipare \u00a0 REQUISITIHidden content MODULISTICAHidden content SCADENZEHidden content Contatti \u00a0 e-mail: Link utili USR Umbria","rel":"","context":"Articolo simile","block_context":{"text":"Articolo simile","link":""},"img":{"alt_text":"","src":"","width":0,"height":0},"classes":[]}],"jetpack_sharing_enabled":true,"_links":{"self":[{"href":"https:\/\/icumbertidemontonepietralunga.edu.it\/index.php\/wp-json\/wp\/v2\/pages\/1478","targetHints":{"allow":["GET"]}}],"collection":[{"href":"https:\/\/icumbertidemontonepietralunga.edu.it\/index.php\/wp-json\/wp\/v2\/pages"}],"about":[{"href":"https:\/\/icumbertidemontonepietralunga.edu.it\/index.php\/wp-json\/wp\/v2\/types\/page"}],"author":[{"embeddable":true,"href":"https:\/\/icumbertidemontonepietralunga.edu.it\/index.php\/wp-json\/wp\/v2\/users\/1"}],"replies":[{"embeddable":true,"href":"https:\/\/icumbertidemontonepietralunga.edu.it\/index.php\/wp-json\/wp\/v2\/comments?post=1478"}],"version-history":[{"count":9,"href":"https:\/\/icumbertidemontonepietralunga.edu.it\/index.php\/wp-json\/wp\/v2\/pages\/1478\/revisions"}],"predecessor-version":[{"id":1484,"href":"https:\/\/icumbertidemontonepietralunga.edu.it\/index.php\/wp-json\/wp\/v2\/pages\/1478\/revisions\/1484"}],"wp:attachment":[{"href":"https:\/\/icumbertidemontonepietralunga.edu.it\/index.php\/wp-json\/wp\/v2\/media?parent=1478"}],"wp:term":[{"taxonomy":"post_tag","embeddable":true,"href":"https:\/\/icumbertidemontonepietralunga.edu.it\/index.php\/wp-json\/wp\/v2\/tags?post=1478"}],"curies":[{"name":"wp","href":"https:\/\/api.w.org\/{rel}","templated":true}]}}